{"id":526,"date":"2022-04-05T15:04:02","date_gmt":"2022-04-05T13:04:02","guid":{"rendered":"http:\/\/riendeneuf.org\/v2\/?page_id=526"},"modified":"2022-05-27T15:56:30","modified_gmt":"2022-05-27T13:56:30","slug":"homepage","status":"publish","type":"page","link":"https:\/\/riendeneuf.org\/en\/","title":{"rendered":"Homepage"},"content":{"rendered":"\n<section class=\"focus full\"> \n    <div class=\"content\">\n        <div class=\"swiper-container full infinite onload\">\n            <div class=\"swiper-wrapper\">\n                                    <div class=\"swiper-slide\">\n                        <div class=\"swiper-slide-content\">\n                            <div class=\"infos is-right important\">\n                                <h2 class=\"section-title\">Try the &#8220;Nothing New&#8221; Challenge!<\/h2>\n                                                                    <p>Millions of items are already in circulation: what if we used them first, instead of buying new ones?<\/p>\n                                                                                                    <a href=\"https:\/\/riendeneuf.org\/le-defi\/\" rel=\"nofollow noopener\" title=\"lien\" class=\"button\">How does it work?<\/a>\n                                                            <\/div>\n                            <figure class=\"background\">\n                                <img loading=\"lazy\" decoding=\"async\" src=\"https:\/\/riendeneuf.org\/v2\/wp-content\/uploads\/2022\/03\/julien-pier-belanger-499859-unsplash-optim-1600x0-c-default.jpg\" alt=\"Try the \"Nothing New\" Challenge!\" height=\"900\" width=\"1600\" \/>\n                            <\/figure>\n                        <\/div>\n                    <\/div>\n                                    <div class=\"swiper-slide\">\n                        <div class=\"swiper-slide-content\">\n                            <div class=\"infos center important\">\n                                <h2 class=\"section-title\">Buy less clothes<\/h2>\n                                                                    <p>What&#8217;s the deal with clothes? How to slow down?<\/p>\n                                                                                                    <a href=\"http:\/\/Follow our tips\" rel=\"nofollow noopener\" title=\"lien\" class=\"button\">Voir nos conseils<\/a>\n                                                            <\/div>\n                            <figure class=\"background\">\n                                <img loading=\"lazy\" decoding=\"async\" src=\"https:\/\/riendeneuf.org\/v2\/wp-content\/uploads\/2022\/05\/sarah-brown-oa7pqZmmhuA-unsplash-scaled.jpg\" alt=\"Buy less clothes\" height=\"900\" width=\"1600\" \/>\n                            <\/figure>\n                        <\/div>\n                    <\/div>\n                            <\/div>\n            <nav class=\"swiper-controls\">\n                <a href=\"#\" rel=\"nofollow noopener\" title=\"Pr\u00e9c\u00e9dent\" class=\"previous\">\n                    <span class=\"icon-arrow-left\"><\/span>\n                    <span class=\"label\">Pr\u00e9c\u00e9dent<\/span>\n                <\/a>\n                <a href=\"#\" rel=\"nofollow noopener\" title=\"Suivant\" class=\"next\">\n                    <span class=\"label\">Suivant<\/span>\n                    <span class=\"icon-arrow-right\"><\/span>\n                <\/a>\n            <\/nav>\n        <\/div>\n    <\/div>\n<\/section>\n\n\n\n<section class=\"wp-block-group has-cut before-right\"><div class=\"wp-block-group__inner-container is-layout-flow wp-block-group-is-layout-flow\">\n<h2 class=\"alignfull has-text-align-center section-title wp-block-heading\">The challenge in a nutshell<\/h2>\n\n\n\n<p class=\"has-text-align-center has-important-font-size\">Try to buy as few new items as possible for one year.<\/p>\n\n\n\n<div class=\"wp-block-columns is-layout-flex wp-container-core-columns-is-layout-9d6595d7 wp-block-columns-is-layout-flex\">\n<div class=\"wp-block-column is-layout-flow wp-block-column-is-layout-flow\">\n<h3 class=\"section-title wp-block-heading\">Why?<\/h3>\n\n\n\n<ul class=\"wp-block-list\"><li>To reduce the waste of resources and pollution stemming from the manufacture of new items.<\/li><\/ul>\n\n\n\n<ul class=\"wp-block-list\"><li>To avoid unnecessary purchase et items accumulation.<\/li><\/ul>\n\n\n\n<ul class=\"wp-block-list\"><li>To save money.<\/li><\/ul>\n<\/div>\n\n\n\n<div class=\"wp-block-column is-layout-flow wp-block-column-is-layout-flow\">\n<h3 class=\"section-title wp-block-heading\">HOW?<\/h3>\n\n\n\n<ul class=\"wp-block-list\"><li>By asking yourself every time you intend to buy something: do I really need that ?<\/li><\/ul>\n\n\n\n<ul class=\"wp-block-list\"><li>By opting as much as possible for alternatives to new items: buying second-hand, repairing, borrowing, exchange\u2026<\/li><\/ul>\n<\/div>\n<\/div>\n\n\n\n<div class=\"wp-block-buttons is-layout-flex wp-block-buttons-is-layout-flex\">\n<div class=\"wp-block-button aligncenter\"><a class=\"wp-block-button__link\" href=\"https:\/\/riendeneuf.org\/en\/le-defi\/\">KNOW MORE<\/a><\/div>\n<\/div>\n<\/div><\/section>\n\n\n\n<section class=\"wp-block-group has-cut before-right has-texture\"><div class=\"wp-block-group__inner-container is-layout-flow wp-block-group-is-layout-flow\">\n<h2 class=\"alignfull has-text-align-center section-title wp-block-heading\">in your personal space<\/h2>\n\n\n\n<div class=\"wp-block-columns are-vertically-aligned-center is-layout-flex wp-container-core-columns-is-layout-9d6595d7 wp-block-columns-is-layout-flex\">\n<div class=\"wp-block-column is-vertically-aligned-center is-layout-flow wp-block-column-is-layout-flow\"><div class=\"wp-block-image\">\n<figure class=\"alignright size-large\"><img loading=\"lazy\" decoding=\"async\" width=\"851\" height=\"1024\" src=\"https:\/\/riendeneuf.org\/v2\/wp-content\/uploads\/2022\/04\/Sans-titre1-851x1024.png\" alt=\"\" class=\"wp-image-862\" srcset=\"https:\/\/riendeneuf.org\/v2\/wp-content\/uploads\/2022\/04\/Sans-titre1-851x1024.png 851w, https:\/\/riendeneuf.org\/v2\/wp-content\/uploads\/2022\/04\/Sans-titre1-249x300.png 249w, https:\/\/riendeneuf.org\/v2\/wp-content\/uploads\/2022\/04\/Sans-titre1-768x924.png 768w, https:\/\/riendeneuf.org\/v2\/wp-content\/uploads\/2022\/04\/Sans-titre1.png 1080w\" sizes=\"auto, (max-width: 851px) 100vw, 851px\" \/><\/figure>\n<\/div><\/div>\n\n\n\n<div class=\"wp-block-column is-vertically-aligned-center is-layout-flow wp-block-column-is-layout-flow\">\n<p class=\"has-important-font-size\">By registering for the \u201cNothing New\u201d Challenge, you will have access to a personal space with :&nbsp;<\/p>\n\n\n\n<ul class=\"wp-block-list\"><li>A monthly newsletter full of good advice and tips for taking up the Challenge on a daily basis<\/li><li>Theme-based guides to learn and take action<\/li><li>Content to inspire others to join the Challenge<\/li><li>Soon, a tool to measure the impact of your consumption!<\/li><\/ul>\n<\/div>\n<\/div>\n\n\n\n<div class=\"wp-block-buttons is-layout-flex wp-block-buttons-is-layout-flex\">\n<div class=\"wp-block-button aligncenter\" data-overlay=\"#overlay-register\"><a class=\"wp-block-button__link has-yellow-background-color has-background\">I SIGN UP<\/a><\/div>\n<\/div>\n<\/div><\/section>\n\n\n\n<section class=\"wp-block-group has-cut before-right has-yellow-background-color has-background\"><div class=\"wp-block-group__inner-container is-layout-flow wp-block-group-is-layout-flow\">\n<h2 class=\"alignfull has-text-align-center section-title wp-block-heading\">what&#8217;S NEW?<\/h2>\n\n\n\t\t\t<div class='wp-block-ifb-instagram  align' id='ifbInstagramFeed-abba845e-a7ef-4753-be78-14f8d1114998' data-attributes='{&quot;cId&quot;:&quot;abba845e-a7ef-4753-be78-14f8d1114998&quot;,&quot;accessToken&quot;:[&quot;IGQVJVOG5yNkp3RGczYThkRnEydUUtNVBsLWllemgycVRaeE9GbWN1dkhoRzFqUEFEMWUzd1o0azNtMEJFcDkzVUZARZATNMaVAwT0NYRGdEUktmRTJRV1QyM1R5MHRpbG1tRGluVWl0cFFDZA2FScFlOZAQZDZD&quot;],&quot;itemVisible&quot;:6,&quot;isProfile&quot;:false,&quot;profileImg&quot;:&quot;http:\\\/\\\/riendeneuf.org\\\/v2\\\/wp-content\\\/plugins\\\/social-feed-block\\\/dist\\\/src\\\/img\\\/logo-small.png&quot;,&quot;isFollowBtn&quot;:false,&quot;isLoadMore&quot;:false,&quot;columns&quot;:{&quot;desktop&quot;:3,&quot;tablet&quot;:2,&quot;mobile&quot;:1},&quot;align&quot;:&quot;&quot;,&quot;accounts&quot;:[],&quot;cacheTime&quot;:30,&quot;cacheTimePeriod&quot;:&quot;minutes&quot;,&quot;isPopup&quot;:false,&quot;popup&quot;:{&quot;isProfile&quot;:true,&quot;isCarousel&quot;:true,&quot;isVideo&quot;:true,&quot;isCaption&quot;:true,&quot;isLink&quot;:true,&quot;isLikeCount&quot;:true,&quot;isCommentsCount&quot;:true,&quot;isComments&quot;:true},&quot;isLink&quot;:true,&quot;isLinkNewTab&quot;:true,&quot;profileInfo&quot;:{&quot;isPhoto&quot;:true,&quot;photoSize&quot;:&quot;55px&quot;,&quot;popupPhotoSize&quot;:&quot;40px&quot;,&quot;userNameColor&quot;:&quot;#4527a4&quot;,&quot;isFollowers&quot;:false,&quot;followersColor&quot;:&quot;#4b4f58&quot;,&quot;isFollows&quot;:false,&quot;followsColor&quot;:&quot;#4b4f58&quot;,&quot;isName&quot;:false,&quot;name&quot;:&quot;&quot;,&quot;nameColor&quot;:&quot;#333&quot;,&quot;isBio&quot;:false,&quot;bio&quot;:&quot;&quot;,&quot;bioColor&quot;:&quot;#4b4f58&quot;},&quot;isFollowBtnInFooter&quot;:false,&quot;isCaption&quot;:true,&quot;isRemCaptionHash&quot;:false,&quot;captionLength&quot;:65,&quot;columnGap&quot;:&quot;15px&quot;,&quot;rowGap&quot;:&quot;15px&quot;,&quot;background&quot;:{&quot;color&quot;:&quot;#0000&quot;},&quot;padding&quot;:{&quot;vertical&quot;:&quot;15px&quot;,&quot;horizontal&quot;:&quot;15px&quot;},&quot;border&quot;:{&quot;radius&quot;:&quot;5px&quot;},&quot;followBtnColors&quot;:{&quot;color&quot;:&quot;#fff&quot;,&quot;bg&quot;:&quot;#4527a4&quot;},&quot;followBtnHovColors&quot;:{&quot;color&quot;:&quot;#fff&quot;,&quot;bg&quot;:&quot;#8344c5&quot;},&quot;imgHoverEffect&quot;:&quot;zoomIn&quot;,&quot;captionBG&quot;:{&quot;color&quot;:&quot;#0006&quot;},&quot;captionStyle&quot;:&quot;overlayCenter&quot;,&quot;captionTypo&quot;:{&quot;fontSize&quot;:{&quot;desktop&quot;:22,&quot;tablet&quot;:20,&quot;mobile&quot;:18}},&quot;captionColor&quot;:&quot;#fff&quot;}' data-accounts='[]'><\/div>\r\n\r\n\t\t\t\n\n\n<div class=\"wp-block-buttons is-layout-flex wp-block-buttons-is-layout-flex\">\n<div class=\"wp-block-button aligncenter\"><a class=\"wp-block-button__link\" href=\"https:\/\/www.instagram.com\/defi_riendeneuf\" target=\"_blank\" rel=\"noreferrer noopener\">JOIN THE INSTAGRAM COMMUNITY<\/a><\/div>\n<\/div>\n<\/div><\/section>\n\n\n\n<section class=\"wp-block-group\"><div class=\"wp-block-group__inner-container is-layout-flow wp-block-group-is-layout-flow\">\n<h2 class=\"section-title wp-block-heading\">who&#8217;S BEHING THE CHALLENGE?<\/h2>\n\n\n<div class=\"wp-block-image\">\n<figure class=\"aligncenter size-large is-resized\"><img loading=\"lazy\" decoding=\"async\" src=\"http:\/\/riendeneuf.org\/v2\/wp-content\/uploads\/2022\/04\/logo-ZW-long-rvb-1024x445.jpg\" alt=\"\" class=\"wp-image-915\" width=\"512\" height=\"223\" srcset=\"https:\/\/riendeneuf.org\/v2\/wp-content\/uploads\/2022\/04\/logo-ZW-long-rvb-1024x445.jpg 1024w, https:\/\/riendeneuf.org\/v2\/wp-content\/uploads\/2022\/04\/logo-ZW-long-rvb-300x130.jpg 300w, https:\/\/riendeneuf.org\/v2\/wp-content\/uploads\/2022\/04\/logo-ZW-long-rvb-768x334.jpg 768w, https:\/\/riendeneuf.org\/v2\/wp-content\/uploads\/2022\/04\/logo-ZW-long-rvb-1536x668.jpg 1536w, https:\/\/riendeneuf.org\/v2\/wp-content\/uploads\/2022\/04\/logo-ZW-long-rvb-2048x890.jpg 2048w\" sizes=\"auto, (max-width: 512px) 100vw, 512px\" \/><\/figure>\n<\/div>\n\n\n<p>Zero Waste France is the association that launched the &#8220;Nothing New&#8221; Challenge in 2018 and runs it on a daily basis. Created in 1997, it campaigns for waste reduction and better resource management.&nbsp;<\/p>\n\n\n\n<p>With the Challenge, Zero Waste France allows you to change the way you consume. But it is also a political tool! By signing up, you help the association to change the laws and challenge companies.<\/p>\n\n\n\n<div class=\"wp-block-buttons is-content-justification-center is-layout-flex wp-container-core-buttons-is-layout-16018d1d wp-block-buttons-is-layout-flex\">\n<div class=\"wp-block-button aligncenter\"><a class=\"wp-block-button__link\" href=\"http:\/\/riendeneuf.org\/zero-waste-france\/\">KNOW MORE<\/a><\/div>\n<\/div>\n<\/div><\/section>\n","protected":false},"excerpt":{"rendered":"<p>Let&#8217;s try not to buy as a few new objects as possible for one year! <\/p>\n","protected":false},"author":1,"featured_media":859,"parent":0,"menu_order":0,"comment_status":"closed","ping_status":"closed","template":"","meta":{"_acf_changed":false,"footnotes":""},"class_list":["post-526","page","type-page","status-publish","has-post-thumbnail","hentry"],"acf":[],"yoast_head":"<!-- This site is optimized with the Yoast SEO plugin v27.5 - https:\/\/yoast.com\/product\/yoast-seo-wordpress\/ -->\n<title>Homepage - D\u00e9fi &quot;Rien de neuf&quot;<\/title>\n<meta name=\"robots\" content=\"index, follow, max-snippet:-1, max-image-preview:large, max-video-preview:-1\" \/>\n<link rel=\"canonical\" href=\"https:\/\/riendeneuf.org\/en\/\" \/>\n<meta property=\"og:locale\" content=\"en_US\" \/>\n<meta property=\"og:type\" content=\"article\" \/>\n<meta property=\"og:title\" content=\"Homepage - D\u00e9fi &quot;Rien de neuf&quot;\" \/>\n<meta property=\"og:description\" content=\"Let&#039;s try not to buy as a few new objects as possible for one year!\" \/>\n<meta property=\"og:url\" content=\"https:\/\/riendeneuf.org\/en\/\" \/>\n<meta property=\"og:site_name\" content=\"D\u00e9fi &quot;Rien de neuf&quot;\" \/>\n<meta property=\"article:modified_time\" content=\"2022-05-27T13:56:30+00:00\" \/>\n<meta property=\"og:image\" content=\"https:\/\/riendeneuf.org\/v2\/wp-content\/uploads\/2022\/03\/julien-pier-belanger-499859-unsplash-optim-1600x0-c-default.jpg\" \/>\n\t<meta property=\"og:image:width\" content=\"1600\" \/>\n\t<meta property=\"og:image:height\" content=\"1068\" \/>\n\t<meta property=\"og:image:type\" content=\"image\/jpeg\" \/>\n<meta name=\"twitter:card\" content=\"summary_large_image\" \/>\n<meta name=\"twitter:label1\" content=\"Est. reading time\" \/>\n\t<meta name=\"twitter:data1\" content=\"2 minutes\" \/>\n<script type=\"application\/ld+json\" class=\"yoast-schema-graph\">{\"@context\":\"https:\\\/\\\/schema.org\",\"@graph\":[{\"@type\":\"WebPage\",\"@id\":\"https:\\\/\\\/riendeneuf.org\\\/en\\\/\",\"url\":\"https:\\\/\\\/riendeneuf.org\\\/en\\\/\",\"name\":\"Homepage - D\u00e9fi &quot;Rien de neuf&quot;\",\"isPartOf\":{\"@id\":\"https:\\\/\\\/riendeneuf.org\\\/#website\"},\"primaryImageOfPage\":{\"@id\":\"https:\\\/\\\/riendeneuf.org\\\/en\\\/#primaryimage\"},\"image\":{\"@id\":\"https:\\\/\\\/riendeneuf.org\\\/en\\\/#primaryimage\"},\"thumbnailUrl\":\"https:\\\/\\\/riendeneuf.org\\\/v2\\\/wp-content\\\/uploads\\\/2022\\\/03\\\/julien-pier-belanger-499859-unsplash-optim-1600x0-c-default.jpg\",\"datePublished\":\"2022-04-05T13:04:02+00:00\",\"dateModified\":\"2022-05-27T13:56:30+00:00\",\"breadcrumb\":{\"@id\":\"https:\\\/\\\/riendeneuf.org\\\/en\\\/#breadcrumb\"},\"inLanguage\":\"en-US\",\"potentialAction\":[{\"@type\":\"ReadAction\",\"target\":[\"https:\\\/\\\/riendeneuf.org\\\/en\\\/\"]}]},{\"@type\":\"ImageObject\",\"inLanguage\":\"en-US\",\"@id\":\"https:\\\/\\\/riendeneuf.org\\\/en\\\/#primaryimage\",\"url\":\"https:\\\/\\\/riendeneuf.org\\\/v2\\\/wp-content\\\/uploads\\\/2022\\\/03\\\/julien-pier-belanger-499859-unsplash-optim-1600x0-c-default.jpg\",\"contentUrl\":\"https:\\\/\\\/riendeneuf.org\\\/v2\\\/wp-content\\\/uploads\\\/2022\\\/03\\\/julien-pier-belanger-499859-unsplash-optim-1600x0-c-default.jpg\",\"width\":1600,\"height\":1068},{\"@type\":\"BreadcrumbList\",\"@id\":\"https:\\\/\\\/riendeneuf.org\\\/en\\\/#breadcrumb\",\"itemListElement\":[{\"@type\":\"ListItem\",\"position\":1,\"name\":\"Accueil\",\"item\":\"https:\\\/\\\/riendeneuf.org\\\/en\\\/\"},{\"@type\":\"ListItem\",\"position\":2,\"name\":\"Homepage\"}]},{\"@type\":\"WebSite\",\"@id\":\"https:\\\/\\\/riendeneuf.org\\\/#website\",\"url\":\"https:\\\/\\\/riendeneuf.org\\\/\",\"name\":\"D\u00e9fi &quot;Rien de neuf&quot;\",\"description\":\"Le D\u00e9fi pour r\u00e9duire son impact !\",\"potentialAction\":[{\"@type\":\"SearchAction\",\"target\":{\"@type\":\"EntryPoint\",\"urlTemplate\":\"https:\\\/\\\/riendeneuf.org\\\/?s={search_term_string}\"},\"query-input\":{\"@type\":\"PropertyValueSpecification\",\"valueRequired\":true,\"valueName\":\"search_term_string\"}}],\"inLanguage\":\"en-US\"}]}<\/script>\n<!-- \/ Yoast SEO plugin. -->","yoast_head_json":{"title":"Homepage - D\u00e9fi &quot;Rien de neuf&quot;","robots":{"index":"index","follow":"follow","max-snippet":"max-snippet:-1","max-image-preview":"max-image-preview:large","max-video-preview":"max-video-preview:-1"},"canonical":"https:\/\/riendeneuf.org\/en\/","og_locale":"en_US","og_type":"article","og_title":"Homepage - D\u00e9fi &quot;Rien de neuf&quot;","og_description":"Let's try not to buy as a few new objects as possible for one year!","og_url":"https:\/\/riendeneuf.org\/en\/","og_site_name":"D\u00e9fi &quot;Rien de neuf&quot;","article_modified_time":"2022-05-27T13:56:30+00:00","og_image":[{"width":1600,"height":1068,"url":"https:\/\/riendeneuf.org\/v2\/wp-content\/uploads\/2022\/03\/julien-pier-belanger-499859-unsplash-optim-1600x0-c-default.jpg","type":"image\/jpeg"}],"twitter_card":"summary_large_image","twitter_misc":{"Est. reading time":"2 minutes"},"schema":{"@context":"https:\/\/schema.org","@graph":[{"@type":"WebPage","@id":"https:\/\/riendeneuf.org\/en\/","url":"https:\/\/riendeneuf.org\/en\/","name":"Homepage - D\u00e9fi &quot;Rien de neuf&quot;","isPartOf":{"@id":"https:\/\/riendeneuf.org\/#website"},"primaryImageOfPage":{"@id":"https:\/\/riendeneuf.org\/en\/#primaryimage"},"image":{"@id":"https:\/\/riendeneuf.org\/en\/#primaryimage"},"thumbnailUrl":"https:\/\/riendeneuf.org\/v2\/wp-content\/uploads\/2022\/03\/julien-pier-belanger-499859-unsplash-optim-1600x0-c-default.jpg","datePublished":"2022-04-05T13:04:02+00:00","dateModified":"2022-05-27T13:56:30+00:00","breadcrumb":{"@id":"https:\/\/riendeneuf.org\/en\/#breadcrumb"},"inLanguage":"en-US","potentialAction":[{"@type":"ReadAction","target":["https:\/\/riendeneuf.org\/en\/"]}]},{"@type":"ImageObject","inLanguage":"en-US","@id":"https:\/\/riendeneuf.org\/en\/#primaryimage","url":"https:\/\/riendeneuf.org\/v2\/wp-content\/uploads\/2022\/03\/julien-pier-belanger-499859-unsplash-optim-1600x0-c-default.jpg","contentUrl":"https:\/\/riendeneuf.org\/v2\/wp-content\/uploads\/2022\/03\/julien-pier-belanger-499859-unsplash-optim-1600x0-c-default.jpg","width":1600,"height":1068},{"@type":"BreadcrumbList","@id":"https:\/\/riendeneuf.org\/en\/#breadcrumb","itemListElement":[{"@type":"ListItem","position":1,"name":"Accueil","item":"https:\/\/riendeneuf.org\/en\/"},{"@type":"ListItem","position":2,"name":"Homepage"}]},{"@type":"WebSite","@id":"https:\/\/riendeneuf.org\/#website","url":"https:\/\/riendeneuf.org\/","name":"D\u00e9fi &quot;Rien de neuf&quot;","description":"Le D\u00e9fi pour r\u00e9duire son impact !","potentialAction":[{"@type":"SearchAction","target":{"@type":"EntryPoint","urlTemplate":"https:\/\/riendeneuf.org\/?s={search_term_string}"},"query-input":{"@type":"PropertyValueSpecification","valueRequired":true,"valueName":"search_term_string"}}],"inLanguage":"en-US"}]}},"_links":{"self":[{"href":"https:\/\/riendeneuf.org\/en\/wp-json\/wp\/v2\/pages\/526\/"}],"collection":[{"href":"https:\/\/riendeneuf.org\/en\/wp-json\/wp\/v2\/pages\/"}],"about":[{"href":"https:\/\/riendeneuf.org\/en\/wp-json\/wp\/v2\/types\/page\/"}],"author":[{"embeddable":true,"href":"https:\/\/riendeneuf.org\/en\/wp-json\/wp\/v2\/users\/1\/"}],"replies":[{"embeddable":true,"href":"https:\/\/riendeneuf.org\/en\/wp-json\/wp\/v2\/comments\/?post=526"}],"version-history":[{"count":10,"href":"https:\/\/riendeneuf.org\/en\/wp-json\/wp\/v2\/pages\/526\/revisions\/"}],"predecessor-version":[{"id":1459,"href":"https:\/\/riendeneuf.org\/en\/wp-json\/wp\/v2\/pages\/526\/revisions\/1459\/"}],"wp:featuredmedia":[{"embeddable":true,"href":"https:\/\/riendeneuf.org\/en\/wp-json\/wp\/v2\/media\/859\/"}],"wp:attachment":[{"href":"https:\/\/riendeneuf.org\/en\/wp-json\/wp\/v2\/media\/?parent=526"}],"curies":[{"name":"wp","href":"https:\/\/api.w.org\/{rel}","templated":true}]}}