{"id":1471,"date":"2022-04-06T15:54:58","date_gmt":"2022-04-06T13:54:58","guid":{"rendered":"https:\/\/riendeneuf.org\/contact\/"},"modified":"2022-05-27T16:38:13","modified_gmt":"2022-05-27T14:38:13","slug":"contact","status":"publish","type":"page","link":"https:\/\/riendeneuf.org\/en\/contact\/","title":{"rendered":"Contact"},"content":{"rendered":"\n<p>You have a question about the Challenge? You&#8217;re in the right place.<\/p>\n\n\n\n<p>You can also consult and discuss with other participants in the &#8220;Nothing New&#8221; Challenge Facebook group. The solution you&#8217;re looking for may already be there.<\/p>\n\n\n\n                <div class='gf_browser_gecko gform_wrapper' id='gform_wrapper_1' ><div id='gf_1' class='gform_anchor' tabindex='-1'><\/div><form method='post' enctype='multipart\/form-data' target='gform_ajax_frame_1' id='gform_1'  action='\/en\/wp-json\/wp\/v2\/pages\/1471\/#gf_1'>\n                        <div class='gform_body'><ul id='gform_fields_1' class='gform_fields top_label form_sublabel_below description_below'><li id='field_1_1'  class='gfield field_sublabel_below field_description_below gfield_visibility_visible' ><label class='gfield_label gfield_label_before_complex'  >Nom<\/label><div class='ginput_complex ginput_container no_prefix has_first_name no_middle_name has_last_name no_suffix gf_name_has_2 ginput_container_name' id='input_1_1'>\n                            \n                            <span id='input_1_1_3_container' class='name_first' >\n                                                    <input type='text' name='input_1.3' id='input_1_1_3' value='' aria-label='First name'    aria-invalid=\"false\" placeholder='Pr\u00e9nom'\/>\n                                                    <label for='input_1_1_3' >First<\/label>\n                                                <\/span>\n                            \n                            <span id='input_1_1_6_container' class='name_last' >\n                                                    <input type='text' name='input_1.6' id='input_1_1_6' value='' aria-label='Last name'    aria-invalid=\"false\" placeholder='Nom'\/>\n                                                    <label for='input_1_1_6' >Last<\/label>\n                                                <\/span>\n                            \n                        <\/div><\/li><li id='field_1_3'  class='gfield gfield_contains_required field_sublabel_below field_description_below gfield_visibility_visible' ><label class='gfield_label' for='input_1_3' >E-mail*<span class='gfield_required'>*<\/span><\/label><div class='ginput_container ginput_container_email'>\n                            <input name='input_3' id='input_1_3' type='email' value='' class='medium'   placeholder='E-mail' aria-required=\"true\" aria-invalid=\"false\" \/>\n                        <\/div><\/li><li id='field_1_5'  class='gfield field_sublabel_below field_description_below gfield_visibility_visible' ><label class='gfield_label' for='input_1_5' >Sujet<\/label><div class='ginput_container ginput_container_text'><input name='input_5' id='input_1_5' type='text' value='' class='medium'    placeholder='Sujet'  aria-invalid=\"false\" \/><\/div><\/li><li id='field_1_4'  class='gfield field_sublabel_below field_description_below gfield_visibility_visible' ><label class='gfield_label' for='input_1_4' >Message<\/label><div class='ginput_container ginput_container_textarea'><textarea name='input_4' id='input_1_4' class='textarea medium'    placeholder='Message'  aria-invalid=\"false\"   rows='10' cols='50'><\/textarea><\/div><\/li><li id='field_1_6'  class='gfield field_sublabel_below field_description_below gfield_visibility_visible' ><label class='gfield_label' for='input_1_6' >CAPTCHA<\/label><div id='input_1_6' class='ginput_container ginput_recaptcha' data-sitekey='6LdSEpYeAAAAADZky57go9h6cV7H0RSEvPOCpmFf'  data-theme='light' data-tabindex='0'  data-badge=''><\/div><\/li><li id='field_1_7'  class='gfield gform_validation_container field_sublabel_below field_description_below gfield_visibility_visible' ><label class='gfield_label' for='input_1_7' >Phone<\/label><div class='ginput_container'><input name='input_7' id='input_1_7' type='text' value='' autocomplete='off'\/><\/div><div class='gfield_description' id='gfield_description__7'>This field is for validation purposes and should be left unchanged.<\/div><\/li>\n                            <\/ul><\/div>\n        <div class='gform_footer top_label'> <button class='button gform_button' id='gform_submit_button_1'><span>Envoyer<\/span><\/button> <input type='hidden' name='gform_ajax' value='form_id=1&amp;title=&amp;description=&amp;tabindex=0' \/>\n            <input type='hidden' class='gform_hidden' name='is_submit_1' value='1' \/>\n            <input type='hidden' class='gform_hidden' name='gform_submit' value='1' \/>\n            \n            <input type='hidden' class='gform_hidden' name='gform_unique_id' value='' \/>\n            <input type='hidden' class='gform_hidden' name='state_1' value='WyJbXSIsIjA3Y2QwNGYwMGVjODdkMGZjZWUwZGIyYTQ1MWJkOTgxIl0=' \/>\n            <input type='hidden' class='gform_hidden' name='gform_target_page_number_1' id='gform_target_page_number_1' value='0' \/>\n            <input type='hidden' class='gform_hidden' name='gform_source_page_number_1' id='gform_source_page_number_1' value='1' \/>\n            <input type='hidden' name='gform_field_values' value='' \/>\n            \n        <\/div>\n                        <\/form>\n                        <\/div>\n                <iframe style='display:none;width:0px;height:0px;' src='about:blank' name='gform_ajax_frame_1' id='gform_ajax_frame_1' title='This iframe contains the logic required to handle Ajax powered Gravity Forms.'><\/iframe>\n                <script type='text\/javascript'>document.addEventListener( \"DOMContentLoaded\", function() { jQuery(document).ready(function($){gformInitSpinner( 1, 'data:image\/gif;base64,R0lGODlhAQABAIAAAAAAAP\/\/\/yH5BAEAAAAALAAAAAABAAEAAAIBRAA7' );jQuery('#gform_ajax_frame_1').on('load',function(){var contents = jQuery(this).contents().find('*').html();var is_postback = contents.indexOf('GF_AJAX_POSTBACK') >= 0;if(!is_postback){return;}var form_content = jQuery(this).contents().find('#gform_wrapper_1');var is_confirmation = jQuery(this).contents().find('#gform_confirmation_wrapper_1').length > 0;var is_redirect = contents.indexOf('gformRedirect(){') >= 0;var is_form = form_content.length > 0 && ! is_redirect && ! is_confirmation;var mt = parseInt(jQuery('html').css('margin-top'), 10) + parseInt(jQuery('body').css('margin-top'), 10) + 100;if(is_form){jQuery('#gform_wrapper_1').html(form_content.html());if(form_content.hasClass('gform_validation_error')){jQuery('#gform_wrapper_1').addClass('gform_validation_error');} else {jQuery('#gform_wrapper_1').removeClass('gform_validation_error');}setTimeout( function() { \/* delay the scroll by 50 milliseconds to fix a bug in chrome *\/ jQuery(document).scrollTop(jQuery('#gform_wrapper_1').offset().top - mt); }, 50 );if(window['gformInitDatepicker']) {gformInitDatepicker();}if(window['gformInitPriceFields']) {gformInitPriceFields();}var current_page = jQuery('#gform_source_page_number_1').val();gformInitSpinner( 1, 'data:image\/gif;base64,R0lGODlhAQABAIAAAAAAAP\/\/\/yH5BAEAAAAALAAAAAABAAEAAAIBRAA7' );jQuery(document).trigger('gform_page_loaded', [1, current_page]);window['gf_submitting_1'] = false;}else if(!is_redirect){var confirmation_content = jQuery(this).contents().find('.GF_AJAX_POSTBACK').html();if(!confirmation_content){confirmation_content = contents;}setTimeout(function(){jQuery('#gform_wrapper_1').replaceWith(confirmation_content);jQuery(document).scrollTop(jQuery('#gf_1').offset().top - mt);jQuery(document).trigger('gform_confirmation_loaded', [1]);window['gf_submitting_1'] = false;}, 50);}else{jQuery('#gform_1').append(contents);if(window['gformRedirect']) {gformRedirect();}}jQuery(document).trigger('gform_post_render', [1, current_page]);} );} ); }, false );<\/script>\n\n\n\n<hr class=\"wp-block-separator has-css-opacity\"\/>\n\n\n\n<p class=\"mentions\">The personal data collected in this form are processed by Zero Waste France, responsible for processing, in order to answer your questions, requests for information and complaints and to send you a weekly newsletter if you consent. The data requested is essential to process your request. You have the right to access, rectify and delete data concerning you. You can also, in certain cases, oppose the processing of your data, request the limitation or portability of your data, and transmit directives concerning the fate of your data in the event of death. To exercise these rights, you should send a letter to Zero Waste France &#8211; 3 rue Charles Nodier 75018 Paris, or an e-mail to defi@zerowastefrance.org, accompanied by proof of identity. In case of complaint, you can contact the CNIL. For more information about how we process your data and your rights, please see our Data Protection Policy.<\/p>\n","protected":false},"excerpt":{"rendered":"<p>Envoyez un message \u00e0 l&#8217;\u00e9quipe de Zero Waste France \u00e0 propos du D\u00e9fi &#8220;Rien de neuf&#8221;, si possible un mot gentil. <\/p>\n","protected":false},"author":1,"featured_media":1162,"parent":0,"menu_order":0,"comment_status":"closed","ping_status":"closed","template":"","meta":{"_acf_changed":false,"footnotes":""},"class_list":["post-1471","page","type-page","status-publish","has-post-thumbnail","hentry"],"acf":[],"yoast_head":"<!-- This site is optimized with the Yoast SEO plugin v27.5 - https:\/\/yoast.com\/product\/yoast-seo-wordpress\/ -->\n<title>Contact - D\u00e9fi &quot;Rien de neuf&quot;<\/title>\n<meta name=\"robots\" content=\"index, follow, max-snippet:-1, max-image-preview:large, max-video-preview:-1\" \/>\n<link rel=\"canonical\" href=\"https:\/\/riendeneuf.org\/en\/contact\/\" \/>\n<meta property=\"og:locale\" content=\"en_US\" \/>\n<meta property=\"og:type\" content=\"article\" \/>\n<meta property=\"og:title\" content=\"Contact - D\u00e9fi &quot;Rien de neuf&quot;\" \/>\n<meta property=\"og:description\" content=\"Envoyez un message \u00e0 l&#039;\u00e9quipe de Zero Waste France \u00e0 propos du D\u00e9fi &quot;Rien de neuf&quot;, si possible un mot gentil.\" \/>\n<meta property=\"og:url\" content=\"https:\/\/riendeneuf.org\/en\/contact\/\" \/>\n<meta property=\"og:site_name\" content=\"D\u00e9fi &quot;Rien de neuf&quot;\" \/>\n<meta property=\"article:modified_time\" content=\"2022-05-27T14:38:13+00:00\" \/>\n<meta property=\"og:image\" content=\"https:\/\/riendeneuf.org\/v2\/wp-content\/uploads\/2022\/05\/miryam-leon-Jdpvhn6xA0w-unsplash.jpg\" \/>\n\t<meta property=\"og:image:width\" content=\"1920\" \/>\n\t<meta property=\"og:image:height\" content=\"1280\" \/>\n\t<meta property=\"og:image:type\" content=\"image\/jpeg\" \/>\n<meta name=\"twitter:card\" content=\"summary_large_image\" \/>\n<meta name=\"twitter:label1\" content=\"Est. reading time\" \/>\n\t<meta name=\"twitter:data1\" content=\"1 minute\" \/>\n<script type=\"application\/ld+json\" class=\"yoast-schema-graph\">{\"@context\":\"https:\\\/\\\/schema.org\",\"@graph\":[{\"@type\":\"WebPage\",\"@id\":\"https:\\\/\\\/riendeneuf.org\\\/en\\\/contact\\\/\",\"url\":\"https:\\\/\\\/riendeneuf.org\\\/en\\\/contact\\\/\",\"name\":\"Contact - D\u00e9fi &quot;Rien de neuf&quot;\",\"isPartOf\":{\"@id\":\"https:\\\/\\\/riendeneuf.org\\\/#website\"},\"primaryImageOfPage\":{\"@id\":\"https:\\\/\\\/riendeneuf.org\\\/en\\\/contact\\\/#primaryimage\"},\"image\":{\"@id\":\"https:\\\/\\\/riendeneuf.org\\\/en\\\/contact\\\/#primaryimage\"},\"thumbnailUrl\":\"https:\\\/\\\/riendeneuf.org\\\/v2\\\/wp-content\\\/uploads\\\/2022\\\/05\\\/miryam-leon-Jdpvhn6xA0w-unsplash.jpg\",\"datePublished\":\"2022-04-06T13:54:58+00:00\",\"dateModified\":\"2022-05-27T14:38:13+00:00\",\"breadcrumb\":{\"@id\":\"https:\\\/\\\/riendeneuf.org\\\/en\\\/contact\\\/#breadcrumb\"},\"inLanguage\":\"en-US\",\"potentialAction\":[{\"@type\":\"ReadAction\",\"target\":[\"https:\\\/\\\/riendeneuf.org\\\/en\\\/contact\\\/\"]}]},{\"@type\":\"ImageObject\",\"inLanguage\":\"en-US\",\"@id\":\"https:\\\/\\\/riendeneuf.org\\\/en\\\/contact\\\/#primaryimage\",\"url\":\"https:\\\/\\\/riendeneuf.org\\\/v2\\\/wp-content\\\/uploads\\\/2022\\\/05\\\/miryam-leon-Jdpvhn6xA0w-unsplash.jpg\",\"contentUrl\":\"https:\\\/\\\/riendeneuf.org\\\/v2\\\/wp-content\\\/uploads\\\/2022\\\/05\\\/miryam-leon-Jdpvhn6xA0w-unsplash.jpg\",\"width\":1920,\"height\":1280},{\"@type\":\"BreadcrumbList\",\"@id\":\"https:\\\/\\\/riendeneuf.org\\\/en\\\/contact\\\/#breadcrumb\",\"itemListElement\":[{\"@type\":\"ListItem\",\"position\":1,\"name\":\"Accueil\",\"item\":\"https:\\\/\\\/riendeneuf.org\\\/en\\\/\"},{\"@type\":\"ListItem\",\"position\":2,\"name\":\"Contact\"}]},{\"@type\":\"WebSite\",\"@id\":\"https:\\\/\\\/riendeneuf.org\\\/#website\",\"url\":\"https:\\\/\\\/riendeneuf.org\\\/\",\"name\":\"D\u00e9fi &quot;Rien de neuf&quot;\",\"description\":\"Le D\u00e9fi pour r\u00e9duire son impact !\",\"potentialAction\":[{\"@type\":\"SearchAction\",\"target\":{\"@type\":\"EntryPoint\",\"urlTemplate\":\"https:\\\/\\\/riendeneuf.org\\\/?s={search_term_string}\"},\"query-input\":{\"@type\":\"PropertyValueSpecification\",\"valueRequired\":true,\"valueName\":\"search_term_string\"}}],\"inLanguage\":\"en-US\"}]}<\/script>\n<!-- \/ Yoast SEO plugin. -->","yoast_head_json":{"title":"Contact - D\u00e9fi &quot;Rien de neuf&quot;","robots":{"index":"index","follow":"follow","max-snippet":"max-snippet:-1","max-image-preview":"max-image-preview:large","max-video-preview":"max-video-preview:-1"},"canonical":"https:\/\/riendeneuf.org\/en\/contact\/","og_locale":"en_US","og_type":"article","og_title":"Contact - D\u00e9fi &quot;Rien de neuf&quot;","og_description":"Envoyez un message \u00e0 l'\u00e9quipe de Zero Waste France \u00e0 propos du D\u00e9fi \"Rien de neuf\", si possible un mot gentil.","og_url":"https:\/\/riendeneuf.org\/en\/contact\/","og_site_name":"D\u00e9fi &quot;Rien de neuf&quot;","article_modified_time":"2022-05-27T14:38:13+00:00","og_image":[{"width":1920,"height":1280,"url":"https:\/\/riendeneuf.org\/v2\/wp-content\/uploads\/2022\/05\/miryam-leon-Jdpvhn6xA0w-unsplash.jpg","type":"image\/jpeg"}],"twitter_card":"summary_large_image","twitter_misc":{"Est. reading time":"1 minute"},"schema":{"@context":"https:\/\/schema.org","@graph":[{"@type":"WebPage","@id":"https:\/\/riendeneuf.org\/en\/contact\/","url":"https:\/\/riendeneuf.org\/en\/contact\/","name":"Contact - D\u00e9fi &quot;Rien de neuf&quot;","isPartOf":{"@id":"https:\/\/riendeneuf.org\/#website"},"primaryImageOfPage":{"@id":"https:\/\/riendeneuf.org\/en\/contact\/#primaryimage"},"image":{"@id":"https:\/\/riendeneuf.org\/en\/contact\/#primaryimage"},"thumbnailUrl":"https:\/\/riendeneuf.org\/v2\/wp-content\/uploads\/2022\/05\/miryam-leon-Jdpvhn6xA0w-unsplash.jpg","datePublished":"2022-04-06T13:54:58+00:00","dateModified":"2022-05-27T14:38:13+00:00","breadcrumb":{"@id":"https:\/\/riendeneuf.org\/en\/contact\/#breadcrumb"},"inLanguage":"en-US","potentialAction":[{"@type":"ReadAction","target":["https:\/\/riendeneuf.org\/en\/contact\/"]}]},{"@type":"ImageObject","inLanguage":"en-US","@id":"https:\/\/riendeneuf.org\/en\/contact\/#primaryimage","url":"https:\/\/riendeneuf.org\/v2\/wp-content\/uploads\/2022\/05\/miryam-leon-Jdpvhn6xA0w-unsplash.jpg","contentUrl":"https:\/\/riendeneuf.org\/v2\/wp-content\/uploads\/2022\/05\/miryam-leon-Jdpvhn6xA0w-unsplash.jpg","width":1920,"height":1280},{"@type":"BreadcrumbList","@id":"https:\/\/riendeneuf.org\/en\/contact\/#breadcrumb","itemListElement":[{"@type":"ListItem","position":1,"name":"Accueil","item":"https:\/\/riendeneuf.org\/en\/"},{"@type":"ListItem","position":2,"name":"Contact"}]},{"@type":"WebSite","@id":"https:\/\/riendeneuf.org\/#website","url":"https:\/\/riendeneuf.org\/","name":"D\u00e9fi &quot;Rien de neuf&quot;","description":"Le D\u00e9fi pour r\u00e9duire son impact !","potentialAction":[{"@type":"SearchAction","target":{"@type":"EntryPoint","urlTemplate":"https:\/\/riendeneuf.org\/?s={search_term_string}"},"query-input":{"@type":"PropertyValueSpecification","valueRequired":true,"valueName":"search_term_string"}}],"inLanguage":"en-US"}]}},"_links":{"self":[{"href":"https:\/\/riendeneuf.org\/en\/wp-json\/wp\/v2\/pages\/1471\/"}],"collection":[{"href":"https:\/\/riendeneuf.org\/en\/wp-json\/wp\/v2\/pages\/"}],"about":[{"href":"https:\/\/riendeneuf.org\/en\/wp-json\/wp\/v2\/types\/page\/"}],"author":[{"embeddable":true,"href":"https:\/\/riendeneuf.org\/en\/wp-json\/wp\/v2\/users\/1\/"}],"replies":[{"embeddable":true,"href":"https:\/\/riendeneuf.org\/en\/wp-json\/wp\/v2\/comments\/?post=1471"}],"version-history":[{"count":1,"href":"https:\/\/riendeneuf.org\/en\/wp-json\/wp\/v2\/pages\/1471\/revisions\/"}],"predecessor-version":[{"id":1473,"href":"https:\/\/riendeneuf.org\/en\/wp-json\/wp\/v2\/pages\/1471\/revisions\/1473\/"}],"wp:featuredmedia":[{"embeddable":true,"href":"https:\/\/riendeneuf.org\/en\/wp-json\/wp\/v2\/media\/1162\/"}],"wp:attachment":[{"href":"https:\/\/riendeneuf.org\/en\/wp-json\/wp\/v2\/media\/?parent=1471"}],"curies":[{"name":"wp","href":"https:\/\/api.w.org\/{rel}","templated":true}]}}